{"id":229,"date":"2025-05-15T22:13:27","date_gmt":"2025-05-16T01:13:27","guid":{"rendered":"https:\/\/bamboobuzioshostel.com\/?page_id=229"},"modified":"2025-06-03T01:06:03","modified_gmt":"2025-06-03T04:06:03","slug":"location","status":"publish","type":"page","link":"https:\/\/bamboobuzioshostel.com\/en\/location\/","title":{"rendered":"Location"},"content":{"rendered":"\t\t<div data-elementor-type=\"wp-page\" data-elementor-id=\"229\" class=\"elementor elementor-229\" data-elementor-post-type=\"page\">\n\t\t\t\t<div class=\"elementor-element elementor-element-e034af6 e-flex e-con-boxed e-con e-parent\" data-id=\"e034af6\" data-element_type=\"container\">\n\t\t\t\t\t<div class=\"e-con-inner\">\n\t\t\t\t<div class=\"elementor-element elementor-element-7bb7922 elementor-widget elementor-widget-heading\" data-id=\"7bb7922\" data-element_type=\"widget\" data-widget_type=\"heading.default\">\n\t\t\t\t\t<h2 class=\"elementor-heading-title elementor-size-default\">Where we are<\/h2>\t\t\t\t<\/div>\n\t\t\t\t<div class=\"elementor-element elementor-element-54b3b59 elementor-widget__width-initial balanco elementor-widget elementor-widget-heading\" data-id=\"54b3b59\" data-element_type=\"widget\" data-widget_type=\"heading.default\">\n\t\t\t\t\t<h2 class=\"elementor-heading-title elementor-size-default\"><span class=\"destaque3\">Our location is unbeatable!<\/span> We are in the center of B\u00fazios, on the most emblematic street in the city and where everything happens: the famous Rua das Pedras and facing Praia do Canto.\n<span class=\"espacamento3\"><\/span>\nWalking from the hostel, you can find the best restaurants in the city, the main nightclubs, as well as all kinds of commerce, such as: stores, bars, supermarkets, banks, ATMs, snack bars and much more\u2026<\/h2>\t\t\t\t<\/div>\n\t\t\t\t<div class=\"elementor-element elementor-element-48ef865 elementor-widget__width-initial elementor-widget elementor-widget-heading\" data-id=\"48ef865\" data-element_type=\"widget\" data-widget_type=\"heading.default\">\n\t\t\t\t\t<h2 class=\"elementor-heading-title elementor-size-default\">Rua das Pedras, 25, Centro, Arma\u00e7\u00e3o dos B\u00fazios, RJ<\/h2>\t\t\t\t<\/div>\n\t\t\t\t\t<\/div>\n\t\t\t\t<\/div>\n\t\t<div class=\"elementor-element elementor-element-aaa9e58 e-con-full e-flex e-con e-parent\" data-id=\"aaa9e58\" data-element_type=\"container\">\n\t\t\t\t<div class=\"elementor-element elementor-element-94ce970 elementor-widget elementor-widget-google_maps\" data-id=\"94ce970\" data-element_type=\"widget\" data-widget_type=\"google_maps.default\">\n\t\t\t\t\t\t\t<div class=\"elementor-custom-embed\">\n\t\t\t<iframe loading=\"lazy\"\n\t\t\t\t\tsrc=\"https:\/\/maps.google.com\/maps?q=Rua%20das%20Pedras%2C%2025%2C%20Centro%2C%20Arma%C3%A7%C3%A3o%20dos%20B%C3%BAzios%2C%20RJ&#038;t=m&#038;z=14&#038;output=embed&#038;iwloc=near\"\n\t\t\t\t\ttitle=\"Rua das Pedras, 25, Centro, Arma\u00e7\u00e3o dos B\u00fazios, RJ\"\n\t\t\t\t\taria-label=\"Rua das Pedras, 25, Centro, Arma\u00e7\u00e3o dos B\u00fazios, RJ\"\n\t\t\t><\/iframe>\n\t\t<\/div>\n\t\t\t\t\t\t<\/div>\n\t\t\t\t<\/div>\n\t\t\t\t<\/div>\n\t\t","protected":false},"excerpt":{"rendered":"<p>Where we are Our location is unbeatable! We are in the center of B\u00fazios, on the most emblematic street in the city and where everything happens: the famous Rua das Pedras and facing Praia do Canto. Walking from the hostel, you can find the best restaurants in the city, the main nightclubs, as well as [&hellip;]<\/p>\n","protected":false},"author":1,"featured_media":0,"parent":0,"menu_order":0,"comment_status":"closed","ping_status":"closed","template":"elementor_header_footer","meta":{"footnotes":""},"class_list":["post-229","page","type-page","status-publish","hentry"],"_links":{"self":[{"href":"https:\/\/bamboobuzioshostel.com\/en\/wp-json\/wp\/v2\/pages\/229","targetHints":{"allow":["GET"]}}],"collection":[{"href":"https:\/\/bamboobuzioshostel.com\/en\/wp-json\/wp\/v2\/pages"}],"about":[{"href":"https:\/\/bamboobuzioshostel.com\/en\/wp-json\/wp\/v2\/types\/page"}],"author":[{"embeddable":true,"href":"https:\/\/bamboobuzioshostel.com\/en\/wp-json\/wp\/v2\/users\/1"}],"replies":[{"embeddable":true,"href":"https:\/\/bamboobuzioshostel.com\/en\/wp-json\/wp\/v2\/comments?post=229"}],"version-history":[{"count":0,"href":"https:\/\/bamboobuzioshostel.com\/en\/wp-json\/wp\/v2\/pages\/229\/revisions"}],"wp:attachment":[{"href":"https:\/\/bamboobuzioshostel.com\/en\/wp-json\/wp\/v2\/media?parent=229"}],"curies":[{"name":"wp","href":"https:\/\/api.w.org\/{rel}","templated":true}]}}